{"id":26,"date":"2026-02-27T10:03:29","date_gmt":"2026-02-27T10:03:29","guid":{"rendered":"https:\/\/law.bravacom.cat\/?page_id=26"},"modified":"2026-03-16T11:01:13","modified_gmt":"2026-03-16T11:01:13","slug":"quienes-somos","status":"publish","type":"page","link":"https:\/\/law.bravacom.cat\/index.php\/quienes-somos\/","title":{"rendered":"Quienes Somos"},"content":{"rendered":"\t\t<div data-elementor-type=\"wp-page\" data-elementor-id=\"26\" class=\"elementor elementor-26\" data-elementor-post-type=\"page\">\n\t\t\t\t<div class=\"elementor-element elementor-element-acc1b74 e-flex e-con-boxed e-con e-parent\" data-id=\"acc1b74\" data-element_type=\"container\" data-e-type=\"container\">\n\t\t\t\t\t<div class=\"e-con-inner\">\n\t\t\t\t<div class=\"elementor-element elementor-element-5d66528 elementor-widget elementor-widget-heading\" data-id=\"5d66528\" data-element_type=\"widget\" data-e-type=\"widget\" data-widget_type=\"heading.default\">\n\t\t\t\t\t<h2 class=\"elementor-heading-title elementor-size-default\">Historia<\/h2>\t\t\t\t<\/div>\n\t\t\t\t\t<\/div>\n\t\t\t\t<\/div>\n\t\t<div class=\"elementor-element elementor-element-bcae4ee e-flex e-con-boxed e-con e-parent\" data-id=\"bcae4ee\" data-element_type=\"container\" data-e-type=\"container\">\n\t\t\t\t\t<div class=\"e-con-inner\">\n\t\t\t\t<div class=\"elementor-element elementor-element-b47c527 elementor-widget elementor-widget-text-editor\" data-id=\"b47c527\" data-element_type=\"widget\" data-e-type=\"widget\" data-widget_type=\"text-editor.default\">\n\t\t\t\t\t\t\t\t\t<p>En Law Holding, la satisfacci\u00f3n del cliente es nuestra m\u00e1xima prioridad. Nos esforzamos por ofrecer productos y servicios que cumplan con los m\u00e1s altos est\u00e1ndares de calidad, asegurando una experiencia \u00fanica en cada una de nuestras unidades de negocio.<\/p>\t\t\t\t\t\t\t\t<\/div>\n\t\t\t\t<div class=\"elementor-element elementor-element-15659c6 elementor-widget elementor-widget-text-editor\" data-id=\"15659c6\" data-element_type=\"widget\" data-e-type=\"widget\" data-widget_type=\"text-editor.default\">\n\t\t\t\t\t\t\t\t\t<p>\u201cLa figura m\u00e1s importante de un negocio siempre es el cliente. Sin cliente, no hay negocio\u201d.<br \/><strong>Tedd Law, founder.<\/strong><\/p>\t\t\t\t\t\t\t\t<\/div>\n\t\t\t\t<div class=\"elementor-element elementor-element-617db39 elementor-widget elementor-widget-image\" data-id=\"617db39\" data-element_type=\"widget\" data-e-type=\"widget\" data-widget_type=\"image.default\">\n\t\t\t\t\t\t\t\t\t\t\t\t\t\t\t<img fetchpriority=\"high\" decoding=\"async\" width=\"800\" height=\"533\" src=\"https:\/\/law.bravacom.cat\/wp-content\/uploads\/2026\/02\/Holding-1024x682.webp\" class=\"attachment-large size-large wp-image-18\" alt=\"Gente feliz\" srcset=\"https:\/\/law.bravacom.cat\/wp-content\/uploads\/2026\/02\/Holding-1024x682.webp 1024w, https:\/\/law.bravacom.cat\/wp-content\/uploads\/2026\/02\/Holding-300x200.webp 300w, https:\/\/law.bravacom.cat\/wp-content\/uploads\/2026\/02\/Holding-768x512.webp 768w, https:\/\/law.bravacom.cat\/wp-content\/uploads\/2026\/02\/Holding-1536x1024.webp 1536w, https:\/\/law.bravacom.cat\/wp-content\/uploads\/2026\/02\/Holding.webp 2000w\" sizes=\"(max-width: 800px) 100vw, 800px\" \/>\t\t\t\t\t\t\t\t\t\t\t\t\t\t\t<\/div>\n\t\t\t\t\t<\/div>\n\t\t\t\t<\/div>\n\t\t<div class=\"elementor-element elementor-element-66abc75 e-flex e-con-boxed e-con e-parent\" data-id=\"66abc75\" data-element_type=\"container\" data-e-type=\"container\">\n\t\t\t\t\t<div class=\"e-con-inner\">\n\t\t\t\t<div class=\"elementor-element elementor-element-644edfc elementor-widget elementor-widget-heading\" data-id=\"644edfc\" data-element_type=\"widget\" data-e-type=\"widget\" data-widget_type=\"heading.default\">\n\t\t\t\t\t<h2 class=\"elementor-heading-title elementor-size-default\">PRESENCIA Y EXPANSI\u00d3N<\/h2>\t\t\t\t<\/div>\n\t\t\t\t<div class=\"elementor-element elementor-element-cb56b4f elementor-widget elementor-widget-text-editor\" data-id=\"cb56b4f\" data-element_type=\"widget\" data-e-type=\"widget\" data-widget_type=\"text-editor.default\">\n\t\t\t\t\t\t\t\t\t<p>A lo largo de cinco d\u00e9cadas, hemos expandido nuestra presencia en las provincias de Girona y Tarragona, con una s\u00f3lida red de franquicias y espacios de ocio. Seguimos buscando nuevas oportunidades de crecimiento para llevar nuestra experiencia a m\u00e1s clientes.<\/p>\t\t\t\t\t\t\t\t<\/div>\n\t\t\t\t\t<\/div>\n\t\t\t\t<\/div>\n\t\t<div class=\"elementor-element elementor-element-077534e e-flex e-con-boxed e-con e-parent\" data-id=\"077534e\" data-element_type=\"container\" data-e-type=\"container\">\n\t\t\t\t\t<div class=\"e-con-inner\">\n\t\t\t\t<div class=\"elementor-element elementor-element-32ab5c2 elementor-widget__width-initial elementor-widget elementor-widget-image\" data-id=\"32ab5c2\" data-element_type=\"widget\" data-e-type=\"widget\" data-widget_type=\"image.default\">\n\t\t\t\t\t\t\t\t\t\t\t\t\t\t\t<img decoding=\"async\" width=\"751\" height=\"464\" src=\"https:\/\/law.bravacom.cat\/wp-content\/uploads\/2026\/03\/Lloret.jpg\" class=\"attachment-large size-large wp-image-139\" alt=\"mapa de las ubicacions de lloret\" srcset=\"https:\/\/law.bravacom.cat\/wp-content\/uploads\/2026\/03\/Lloret.jpg 751w, https:\/\/law.bravacom.cat\/wp-content\/uploads\/2026\/03\/Lloret-300x185.jpg 300w\" sizes=\"(max-width: 751px) 100vw, 751px\" \/>\t\t\t\t\t\t\t\t\t\t\t\t\t\t\t<\/div>\n\t\t\t\t<div class=\"elementor-element elementor-element-e82ed88 elementor-widget__width-initial elementor-widget elementor-widget-image\" data-id=\"e82ed88\" data-element_type=\"widget\" data-e-type=\"widget\" data-widget_type=\"image.default\">\n\t\t\t\t\t\t\t\t\t\t\t\t\t\t\t<img decoding=\"async\" width=\"754\" height=\"496\" src=\"https:\/\/law.bravacom.cat\/wp-content\/uploads\/2026\/03\/Salou.jpg\" class=\"attachment-large size-large wp-image-140\" alt=\"Mapa de Salou\" srcset=\"https:\/\/law.bravacom.cat\/wp-content\/uploads\/2026\/03\/Salou.jpg 754w, https:\/\/law.bravacom.cat\/wp-content\/uploads\/2026\/03\/Salou-300x197.jpg 300w\" sizes=\"(max-width: 754px) 100vw, 754px\" \/>\t\t\t\t\t\t\t\t\t\t\t\t\t\t\t<\/div>\n\t\t\t\t\t<\/div>\n\t\t\t\t<\/div>\n\t\t\t\t<\/div>\n\t\t","protected":false},"excerpt":{"rendered":"<p>Historia En Law Holding, la satisfacci\u00f3n del cliente es nuestra m\u00e1xima prioridad. Nos esforzamos por ofrecer productos y servicios que cumplan con los m\u00e1s altos est\u00e1ndares de calidad, asegurando una experiencia \u00fanica en cada una de nuestras unidades de negocio. \u201cLa figura m\u00e1s importante de un negocio siempre es el cliente. Sin cliente, no hay [&hellip;]<\/p>\n","protected":false},"author":1,"featured_media":0,"parent":0,"menu_order":0,"comment_status":"closed","ping_status":"closed","template":"","meta":{"footnotes":""},"class_list":["post-26","page","type-page","status-publish","hentry"],"_links":{"self":[{"href":"https:\/\/law.bravacom.cat\/index.php\/wp-json\/wp\/v2\/pages\/26","targetHints":{"allow":["GET"]}}],"collection":[{"href":"https:\/\/law.bravacom.cat\/index.php\/wp-json\/wp\/v2\/pages"}],"about":[{"href":"https:\/\/law.bravacom.cat\/index.php\/wp-json\/wp\/v2\/types\/page"}],"author":[{"embeddable":true,"href":"https:\/\/law.bravacom.cat\/index.php\/wp-json\/wp\/v2\/users\/1"}],"replies":[{"embeddable":true,"href":"https:\/\/law.bravacom.cat\/index.php\/wp-json\/wp\/v2\/comments?post=26"}],"version-history":[{"count":4,"href":"https:\/\/law.bravacom.cat\/index.php\/wp-json\/wp\/v2\/pages\/26\/revisions"}],"predecessor-version":[{"id":143,"href":"https:\/\/law.bravacom.cat\/index.php\/wp-json\/wp\/v2\/pages\/26\/revisions\/143"}],"wp:attachment":[{"href":"https:\/\/law.bravacom.cat\/index.php\/wp-json\/wp\/v2\/media?parent=26"}],"curies":[{"name":"wp","href":"https:\/\/api.w.org\/{rel}","templated":true}]}}